{"id":352,"date":"2020-12-02T10:45:40","date_gmt":"2020-12-02T10:45:40","guid":{"rendered":"https:\/\/envothemes.com\/envo-marketplace\/?page_id=352"},"modified":"2024-03-13T20:13:24","modified_gmt":"2024-03-13T23:13:24","slug":"home-free-2","status":"publish","type":"page","link":"https:\/\/teste.dgestilomoda.com.br\/","title":{"rendered":"Home Free #2"},"content":{"rendered":"\t\t<div data-elementor-type=\"wp-page\" data-elementor-id=\"352\" class=\"elementor elementor-352\">\n\t\t\t\t<div class=\"elementor-element elementor-element-1da9f5b e-flex e-con-boxed e-con e-parent\" data-id=\"1da9f5b\" data-element_type=\"container\" data-settings=\"{&quot;background_background&quot;:&quot;classic&quot;,&quot;shape_divider_bottom&quot;:&quot;triangle-asymmetrical&quot;,&quot;shape_divider_bottom_negative&quot;:&quot;yes&quot;}\" data-core-v316-plus=\"true\">\n\t\t\t\t\t<div class=\"e-con-inner\">\n\t\t\t\t<div class=\"elementor-shape elementor-shape-bottom\" data-negative=\"true\">\n\t\t\t<svg xmlns=\"http:\/\/www.w3.org\/2000\/svg\" viewBox=\"0 0 1000 100\" preserveAspectRatio=\"none\">\n\t<path class=\"elementor-shape-fill\" d=\"M737.9,94.7L0,0v100h1000V0L737.9,94.7z\"\/>\n<\/svg>\t\t<\/div>\n\t\t<div class=\"elementor-element elementor-element-c80814f e-con-full e-flex e-con e-child\" data-id=\"c80814f\" data-element_type=\"container\">\n\t\t\t\t<div class=\"elementor-element elementor-element-181cd39 elementor-widget elementor-widget-heading\" data-id=\"181cd39\" data-element_type=\"widget\" data-widget_type=\"heading.default\">\n\t\t\t\t<div class=\"elementor-widget-container\">\n\t\t\t<style>\/*! elementor - v3.20.0 - 13-03-2024 *\/\n.elementor-heading-title{padding:0;margin:0;line-height:1}.elementor-widget-heading .elementor-heading-title[class*=elementor-size-]>a{color:inherit;font-size:inherit;line-height:inherit}.elementor-widget-heading .elementor-heading-title.elementor-size-small{font-size:15px}.elementor-widget-heading .elementor-heading-title.elementor-size-medium{font-size:19px}.elementor-widget-heading .elementor-heading-title.elementor-size-large{font-size:29px}.elementor-widget-heading .elementor-heading-title.elementor-size-xl{font-size:39px}.elementor-widget-heading .elementor-heading-title.elementor-size-xxl{font-size:59px}<\/style><h5 class=\"elementor-heading-title elementor-size-default\">Lan\u00e7amentos<\/h5>\t\t<\/div>\n\t\t\t\t<\/div>\n\t\t\t\t<div class=\"elementor-element elementor-element-fecd33d elementor-widget elementor-widget-text-editor\" data-id=\"fecd33d\" data-element_type=\"widget\" data-widget_type=\"text-editor.default\">\n\t\t\t\t<div class=\"elementor-widget-container\">\n\t\t\t<style>\/*! elementor - v3.20.0 - 13-03-2024 *\/\n.elementor-widget-text-editor.elementor-drop-cap-view-stacked .elementor-drop-cap{background-color:#69727d;color:#fff}.elementor-widget-text-editor.elementor-drop-cap-view-framed .elementor-drop-cap{color:#69727d;border:3px solid;background-color:transparent}.elementor-widget-text-editor:not(.elementor-drop-cap-view-default) .elementor-drop-cap{margin-top:8px}.elementor-widget-text-editor:not(.elementor-drop-cap-view-default) .elementor-drop-cap-letter{width:1em;height:1em}.elementor-widget-text-editor .elementor-drop-cap{float:left;text-align:center;line-height:1;font-size:50px}.elementor-widget-text-editor .elementor-drop-cap-letter{display:inline-block}<\/style>\t\t\t\t<p>Outono Inverno 2024\u00a0<\/p>\t\t\t\t\t\t<\/div>\n\t\t\t\t<\/div>\n\t\t\t\t<div class=\"elementor-element elementor-element-0864b3e elementor-mobile-align-center elementor-widget elementor-widget-button\" data-id=\"0864b3e\" data-element_type=\"widget\" data-widget_type=\"button.default\">\n\t\t\t\t<div class=\"elementor-widget-container\">\n\t\t\t\t\t<div class=\"elementor-button-wrapper\">\n\t\t\t<a class=\"elementor-button elementor-button-link elementor-size-sm\" href=\"#\">\n\t\t\t\t\t\t<span class=\"elementor-button-content-wrapper\">\n\t\t\t\t\t\t<span class=\"elementor-button-icon elementor-align-icon-right\">\n\t\t\t\t<svg aria-hidden=\"true\" class=\"e-font-icon-svg e-fas-long-arrow-alt-right\" viewBox=\"0 0 448 512\" xmlns=\"http:\/\/www.w3.org\/2000\/svg\"><path d=\"M313.941 216H12c-6.627 0-12 5.373-12 12v56c0 6.627 5.373 12 12 12h301.941v46.059c0 21.382 25.851 32.09 40.971 16.971l86.059-86.059c9.373-9.373 9.373-24.569 0-33.941l-86.059-86.059c-15.119-15.119-40.971-4.411-40.971 16.971V216z\"><\/path><\/svg>\t\t\t<\/span>\n\t\t\t\t\t\t<span class=\"elementor-button-text\">Compre j\u00e1<\/span>\n\t\t<\/span>\n\t\t\t\t\t<\/a>\n\t\t<\/div>\n\t\t\t\t<\/div>\n\t\t\t\t<\/div>\n\t\t\t\t<\/div>\n\t\t<div class=\"elementor-element elementor-element-4fbefec e-con-full e-flex e-con e-child\" data-id=\"4fbefec\" data-element_type=\"container\">\n\t\t\t\t<\/div>\n\t\t\t\t\t<\/div>\n\t\t\t\t<\/div>\n\t\t\t\t<section class=\"elementor-section elementor-top-section elementor-element elementor-element-48cc6f21 elementor-section-boxed elementor-section-height-default elementor-section-height-default\" data-id=\"48cc6f21\" data-element_type=\"section\" data-settings=\"{&quot;background_background&quot;:&quot;classic&quot;}\">\n\t\t\t\t\t\t<div class=\"elementor-container elementor-column-gap-no\">\n\t\t\t\t\t<div class=\"elementor-column elementor-col-100 elementor-top-column elementor-element elementor-element-7bfc1d68\" data-id=\"7bfc1d68\" data-element_type=\"column\">\n\t\t\t<div class=\"elementor-widget-wrap\">\n\t\t\t\t\t\t\t<\/div>\n\t\t<\/div>\n\t\t\t\t\t<\/div>\n\t\t<\/section>\n\t\t<div class=\"elementor-element elementor-element-bd05b01 e-flex e-con-boxed e-con e-parent\" data-id=\"bd05b01\" data-element_type=\"container\" data-settings=\"{&quot;background_background&quot;:&quot;classic&quot;}\" data-core-v316-plus=\"true\">\n\t\t\t\t\t<div class=\"e-con-inner\">\n\t\t\t\t<div class=\"elementor-element elementor-element-b94407c elementor-widget elementor-widget-etww-woo-products\" data-id=\"b94407c\" data-element_type=\"widget\" data-widget_type=\"etww-woo-products.default\">\n\t\t\t\t<div class=\"elementor-widget-container\">\n\t\t\t<div class=\"woocommerce columns-4\"><ul class=\"products columns-4\">\n<li class=\"product type-product post-763 status-publish first instock product_cat-vestidos has-post-thumbnail taxable shipping-taxable purchasable product-type-variable\">\n\t<a href=\"https:\/\/teste.dgestilomoda.com.br\/index.php\/produto\/vestido-065\/\" class=\"woocommerce-LoopProduct-link woocommerce-loop-product__link\"><div class=\"archive-img-wrap\"><img fetchpriority=\"high\" decoding=\"async\" width=\"300\" height=\"450\" src=\"https:\/\/teste.dgestilomoda.com.br\/wp-content\/uploads\/2024\/03\/Vestido-em-linho-com-guipure-300x450.jpg\" class=\"attachment-woocommerce_thumbnail size-woocommerce_thumbnail\" alt=\"\" \/><\/div><h2 class=\"woocommerce-loop-product__title\">Vestido<\/h2><div class=\"archive-product-categories\"><a href=\"https:\/\/teste.dgestilomoda.com.br\/index.php\/categoria-produto\/roupas-femininas\/vestidos\/\" rel=\"tag\">Vestidos<\/a><\/div>\n\t<span class=\"price\"><span class=\"woocommerce-Price-amount amount\"><bdi><span class=\"woocommerce-Price-currencySymbol\">&#82;&#36;<\/span>538,00<\/bdi><\/span><\/span>\n<\/a><a href=\"https:\/\/teste.dgestilomoda.com.br\/index.php\/produto\/vestido-065\/\" data-quantity=\"1\" class=\"button product_type_variable add_to_cart_button\" data-product_id=\"763\" data-product_sku=\"\" aria-label=\"Selecione as op\u00e7\u00f5es para &ldquo;Vestido&rdquo;\" aria-describedby=\"This product has multiple variants. The options may be chosen on the product page\" rel=\"nofollow\">Ver op\u00e7\u00f5es<\/a><\/li>\n<li class=\"product type-product post-761 status-publish instock product_cat-vestidos has-post-thumbnail taxable shipping-taxable purchasable product-type-variable\">\n\t<a href=\"https:\/\/teste.dgestilomoda.com.br\/index.php\/produto\/vestido-034\/\" class=\"woocommerce-LoopProduct-link woocommerce-loop-product__link\"><div class=\"archive-img-wrap\"><img decoding=\"async\" width=\"300\" height=\"450\" src=\"https:\/\/teste.dgestilomoda.com.br\/wp-content\/uploads\/2024\/03\/Vestido-longo-alca-tule-poa-300x450.jpg\" class=\"attachment-woocommerce_thumbnail size-woocommerce_thumbnail\" alt=\"\" \/><\/div><h2 class=\"woocommerce-loop-product__title\">Vestido<\/h2><div class=\"archive-product-categories\"><a href=\"https:\/\/teste.dgestilomoda.com.br\/index.php\/categoria-produto\/roupas-femininas\/vestidos\/\" rel=\"tag\">Vestidos<\/a><\/div>\n\t<span class=\"price\"><span class=\"woocommerce-Price-amount amount\"><bdi><span class=\"woocommerce-Price-currencySymbol\">&#82;&#36;<\/span>458,00<\/bdi><\/span><\/span>\n<\/a><a href=\"https:\/\/teste.dgestilomoda.com.br\/index.php\/produto\/vestido-034\/\" data-quantity=\"1\" class=\"button product_type_variable add_to_cart_button\" data-product_id=\"761\" data-product_sku=\"\" aria-label=\"Selecione as op\u00e7\u00f5es para &ldquo;Vestido&rdquo;\" aria-describedby=\"This product has multiple variants. The options may be chosen on the product page\" rel=\"nofollow\">Ver op\u00e7\u00f5es<\/a><\/li>\n<li class=\"product type-product post-758 status-publish instock product_cat-vestidos has-post-thumbnail taxable shipping-taxable purchasable product-type-variable\">\n\t<a href=\"https:\/\/teste.dgestilomoda.com.br\/index.php\/produto\/vestido-033\/\" class=\"woocommerce-LoopProduct-link woocommerce-loop-product__link\"><div class=\"archive-img-wrap\"><img decoding=\"async\" width=\"300\" height=\"450\" src=\"https:\/\/teste.dgestilomoda.com.br\/wp-content\/uploads\/2024\/03\/Vestido-em-linho-com-detalhe-de-babado-no-ombro-300x450.jpg\" class=\"attachment-woocommerce_thumbnail size-woocommerce_thumbnail\" alt=\"\" \/><\/div><h2 class=\"woocommerce-loop-product__title\">Vestido<\/h2><div class=\"archive-product-categories\"><a href=\"https:\/\/teste.dgestilomoda.com.br\/index.php\/categoria-produto\/roupas-femininas\/vestidos\/\" rel=\"tag\">Vestidos<\/a><\/div>\n\t<span class=\"price\"><span class=\"woocommerce-Price-amount amount\"><bdi><span class=\"woocommerce-Price-currencySymbol\">&#82;&#36;<\/span>458,00<\/bdi><\/span><\/span>\n<\/a><a href=\"https:\/\/teste.dgestilomoda.com.br\/index.php\/produto\/vestido-033\/\" data-quantity=\"1\" class=\"button product_type_variable add_to_cart_button\" data-product_id=\"758\" data-product_sku=\"\" aria-label=\"Selecione as op\u00e7\u00f5es para &ldquo;Vestido&rdquo;\" aria-describedby=\"This product has multiple variants. The options may be chosen on the product page\" rel=\"nofollow\">Ver op\u00e7\u00f5es<\/a><\/li>\n<li class=\"product type-product post-755 status-publish last outofstock product_cat-vestidos has-post-thumbnail taxable shipping-taxable purchasable product-type-variable\">\n\t<a href=\"https:\/\/teste.dgestilomoda.com.br\/index.php\/produto\/vestido-032\/\" class=\"woocommerce-LoopProduct-link woocommerce-loop-product__link\"><div class=\"archive-img-wrap\"><img loading=\"lazy\" decoding=\"async\" width=\"300\" height=\"450\" src=\"https:\/\/teste.dgestilomoda.com.br\/wp-content\/uploads\/2024\/03\/PREVIEW-DE-INVERNO-24-8_Pagina_14_Imagem_0001-300x450.jpg\" class=\"attachment-woocommerce_thumbnail size-woocommerce_thumbnail\" alt=\"\" \/><\/div><h2 class=\"woocommerce-loop-product__title\">Vestido<\/h2><div class=\"archive-product-categories\"><a href=\"https:\/\/teste.dgestilomoda.com.br\/index.php\/categoria-produto\/roupas-femininas\/vestidos\/\" rel=\"tag\">Vestidos<\/a><\/div>\n\t<span class=\"price\"><span class=\"woocommerce-Price-amount amount\"><bdi><span class=\"woocommerce-Price-currencySymbol\">&#82;&#36;<\/span>420,00<\/bdi><\/span><\/span>\n<\/a><a href=\"https:\/\/teste.dgestilomoda.com.br\/index.php\/produto\/vestido-032\/\" data-quantity=\"1\" class=\"button product_type_variable\" data-product_id=\"755\" data-product_sku=\"\" aria-label=\"Selecione as op\u00e7\u00f5es para &ldquo;Vestido&rdquo;\" aria-describedby=\"This product has multiple variants. The options may be chosen on the product page\" rel=\"nofollow\">Ver op\u00e7\u00f5es<\/a><\/li>\n<\/ul>\n<\/div>\t\t<\/div>\n\t\t\t\t<\/div>\n\t\t\t\t\t<\/div>\n\t\t\t\t<\/div>\n\t\t\t\t<\/div>\n\t\t","protected":false},"excerpt":{"rendered":"<p>Lan\u00e7amentos Outono Inverno 2024\u00a0 Compre j\u00e1 Vestido Vestidos &#82;&#36;538,00 Ver op\u00e7\u00f5es Vestido Vestidos &#82;&#36;458,00 Ver op\u00e7\u00f5es Vestido Vestidos &#82;&#36;458,00 Ver op\u00e7\u00f5es Vestido Vestidos &#82;&#36;420,00 Ver op\u00e7\u00f5es<\/p>\n","protected":false},"author":1,"featured_media":0,"parent":0,"menu_order":0,"comment_status":"closed","ping_status":"closed","template":"template-parts\/template-page-builders.php","meta":{"footnotes":""},"_links":{"self":[{"href":"https:\/\/teste.dgestilomoda.com.br\/index.php\/wp-json\/wp\/v2\/pages\/352"}],"collection":[{"href":"https:\/\/teste.dgestilomoda.com.br\/index.php\/wp-json\/wp\/v2\/pages"}],"about":[{"href":"https:\/\/teste.dgestilomoda.com.br\/index.php\/wp-json\/wp\/v2\/types\/page"}],"author":[{"embeddable":true,"href":"https:\/\/teste.dgestilomoda.com.br\/index.php\/wp-json\/wp\/v2\/users\/1"}],"replies":[{"embeddable":true,"href":"https:\/\/teste.dgestilomoda.com.br\/index.php\/wp-json\/wp\/v2\/comments?post=352"}],"version-history":[{"count":55,"href":"https:\/\/teste.dgestilomoda.com.br\/index.php\/wp-json\/wp\/v2\/pages\/352\/revisions"}],"predecessor-version":[{"id":878,"href":"https:\/\/teste.dgestilomoda.com.br\/index.php\/wp-json\/wp\/v2\/pages\/352\/revisions\/878"}],"wp:attachment":[{"href":"https:\/\/teste.dgestilomoda.com.br\/index.php\/wp-json\/wp\/v2\/media?parent=352"}],"curies":[{"name":"wp","href":"https:\/\/api.w.org\/{rel}","templated":true}]}}