{"id":620,"date":"2024-03-07T23:23:53","date_gmt":"2024-03-08T02:23:53","guid":{"rendered":"https:\/\/teste.dgestilomoda.com.br\/?post_type=product&#038;p=620"},"modified":"2024-03-13T18:45:07","modified_gmt":"2024-03-13T21:45:07","slug":"vestido-4","status":"publish","type":"product","link":"https:\/\/teste.dgestilomoda.com.br\/index.php\/produto\/vestido-4\/","title":{"rendered":"Vestido"},"content":{"rendered":"<p>O vestido confeccionado em poliuretano, ( material com a apar\u00eancia de couro) . Carregado de tend\u00eancia ele possui barra e decote com detalhes arredondados e aplica\u00e7\u00f5es de metais com mix de banhos ( prata, dourado e bronze ) em toda a extremidade. Rico em detalhes, ele pode ser usado em diversas ocasi\u00f5es!<\/p>\n","protected":false},"excerpt":{"rendered":"<p>O vestido confeccionado em poliuretano, ( material com a apar\u00eancia de couro) . Carregado de tend\u00eancia ele possui barra e decote com detalhes arredondados e aplica\u00e7\u00f5es de metais com mix de banhos ( prata, dourado e bronze ) em toda a extremidade. Rico em detalhes, ele pode ser usado em diversas ocasi\u00f5es!<\/p>\n","protected":false},"featured_media":658,"comment_status":"open","ping_status":"closed","template":"","meta":[],"product_cat":[32],"product_tag":[],"_links":{"self":[{"href":"https:\/\/teste.dgestilomoda.com.br\/index.php\/wp-json\/wp\/v2\/product\/620"}],"collection":[{"href":"https:\/\/teste.dgestilomoda.com.br\/index.php\/wp-json\/wp\/v2\/product"}],"about":[{"href":"https:\/\/teste.dgestilomoda.com.br\/index.php\/wp-json\/wp\/v2\/types\/product"}],"replies":[{"embeddable":true,"href":"https:\/\/teste.dgestilomoda.com.br\/index.php\/wp-json\/wp\/v2\/comments?post=620"}],"wp:featuredmedia":[{"embeddable":true,"href":"https:\/\/teste.dgestilomoda.com.br\/index.php\/wp-json\/wp\/v2\/media\/658"}],"wp:attachment":[{"href":"https:\/\/teste.dgestilomoda.com.br\/index.php\/wp-json\/wp\/v2\/media?parent=620"}],"wp:term":[{"taxonomy":"product_cat","embeddable":true,"href":"https:\/\/teste.dgestilomoda.com.br\/index.php\/wp-json\/wp\/v2\/product_cat?post=620"},{"taxonomy":"product_tag","embeddable":true,"href":"https:\/\/teste.dgestilomoda.com.br\/index.php\/wp-json\/wp\/v2\/product_tag?post=620"}],"curies":[{"name":"wp","href":"https:\/\/api.w.org\/{rel}","templated":true}]}}