{"id":638,"date":"2024-03-07T23:23:54","date_gmt":"2024-03-08T02:23:54","guid":{"rendered":"https:\/\/teste.dgestilomoda.com.br\/?post_type=product&#038;p=638"},"modified":"2024-03-13T18:43:52","modified_gmt":"2024-03-13T21:43:52","slug":"shorts-saia-008","status":"publish","type":"product","link":"https:\/\/teste.dgestilomoda.com.br\/index.php\/produto\/shorts-saia-008\/","title":{"rendered":"Shorts Saia"},"content":{"rendered":"<p>Shorts saia de modelagem evas\u00ea e curta, confeccionado em PU (material similar ao couro). Traz na parte frontal, duas lapelas (n\u00e3o funcionais), trazendo um charme a pe\u00e7a.<\/p>\n","protected":false},"excerpt":{"rendered":"<p>Shorts saia de modelagem evas\u00ea e curta, confeccionado em PU (material similar ao couro). Traz na parte frontal, duas lapelas (n\u00e3o funcionais), trazendo um charme a pe\u00e7a.<\/p>\n","protected":false},"featured_media":677,"comment_status":"open","ping_status":"closed","template":"","meta":[],"product_cat":[35],"product_tag":[],"_links":{"self":[{"href":"https:\/\/teste.dgestilomoda.com.br\/index.php\/wp-json\/wp\/v2\/product\/638"}],"collection":[{"href":"https:\/\/teste.dgestilomoda.com.br\/index.php\/wp-json\/wp\/v2\/product"}],"about":[{"href":"https:\/\/teste.dgestilomoda.com.br\/index.php\/wp-json\/wp\/v2\/types\/product"}],"replies":[{"embeddable":true,"href":"https:\/\/teste.dgestilomoda.com.br\/index.php\/wp-json\/wp\/v2\/comments?post=638"}],"wp:featuredmedia":[{"embeddable":true,"href":"https:\/\/teste.dgestilomoda.com.br\/index.php\/wp-json\/wp\/v2\/media\/677"}],"wp:attachment":[{"href":"https:\/\/teste.dgestilomoda.com.br\/index.php\/wp-json\/wp\/v2\/media?parent=638"}],"wp:term":[{"taxonomy":"product_cat","embeddable":true,"href":"https:\/\/teste.dgestilomoda.com.br\/index.php\/wp-json\/wp\/v2\/product_cat?post=638"},{"taxonomy":"product_tag","embeddable":true,"href":"https:\/\/teste.dgestilomoda.com.br\/index.php\/wp-json\/wp\/v2\/product_tag?post=638"}],"curies":[{"name":"wp","href":"https:\/\/api.w.org\/{rel}","templated":true}]}}