{"id":662,"date":"2024-03-07T23:25:11","date_gmt":"2024-03-08T02:25:11","guid":{"rendered":"https:\/\/teste.dgestilomoda.com.br\/?post_type=product&#038;p=662"},"modified":"2024-03-13T18:31:33","modified_gmt":"2024-03-13T21:31:33","slug":"macacao-013","status":"publish","type":"product","link":"https:\/\/teste.dgestilomoda.com.br\/index.php\/produto\/macacao-013\/","title":{"rendered":"Macac\u00e3o"},"content":{"rendered":"<p>Macac\u00e3o &#8220;tomara que caia&#8221;, confeccionado em P.U, (material com a apar\u00eancia similar ao couro) e com detalhe em renda.<\/p>\n","protected":false},"excerpt":{"rendered":"<p>Macac\u00e3o &#8220;tomara que caia&#8221;, confeccionado em P.U, (material com a apar\u00eancia similar ao couro) e com detalhe em renda.<\/p>\n","protected":false},"featured_media":697,"comment_status":"open","ping_status":"closed","template":"","meta":[],"product_cat":[36],"product_tag":[],"_links":{"self":[{"href":"https:\/\/teste.dgestilomoda.com.br\/index.php\/wp-json\/wp\/v2\/product\/662"}],"collection":[{"href":"https:\/\/teste.dgestilomoda.com.br\/index.php\/wp-json\/wp\/v2\/product"}],"about":[{"href":"https:\/\/teste.dgestilomoda.com.br\/index.php\/wp-json\/wp\/v2\/types\/product"}],"replies":[{"embeddable":true,"href":"https:\/\/teste.dgestilomoda.com.br\/index.php\/wp-json\/wp\/v2\/comments?post=662"}],"wp:featuredmedia":[{"embeddable":true,"href":"https:\/\/teste.dgestilomoda.com.br\/index.php\/wp-json\/wp\/v2\/media\/697"}],"wp:attachment":[{"href":"https:\/\/teste.dgestilomoda.com.br\/index.php\/wp-json\/wp\/v2\/media?parent=662"}],"wp:term":[{"taxonomy":"product_cat","embeddable":true,"href":"https:\/\/teste.dgestilomoda.com.br\/index.php\/wp-json\/wp\/v2\/product_cat?post=662"},{"taxonomy":"product_tag","embeddable":true,"href":"https:\/\/teste.dgestilomoda.com.br\/index.php\/wp-json\/wp\/v2\/product_tag?post=662"}],"curies":[{"name":"wp","href":"https:\/\/api.w.org\/{rel}","templated":true}]}}