{"id":693,"date":"2024-03-07T23:26:14","date_gmt":"2024-03-08T02:26:14","guid":{"rendered":"https:\/\/teste.dgestilomoda.com.br\/?post_type=product&#038;p=693"},"modified":"2024-03-13T18:28:00","modified_gmt":"2024-03-13T21:28:00","slug":"calca-017","status":"publish","type":"product","link":"https:\/\/teste.dgestilomoda.com.br\/index.php\/produto\/calca-017\/","title":{"rendered":"Cal\u00e7a"},"content":{"rendered":"<p>Cal\u00e7a de modelagem skinny e confeccionada Poliuretano, material com a apar\u00eancia de couro. Possui bolso frontal falso e barra com fenda com detalhes em aplica\u00e7\u00f5es de metais com mix de banhos ( prata, dourado e bronze ). Modelo cl\u00e1ssico e atemporal que pode agregar no seu closet e montar looks incr\u00edveis para diversas ocasi\u00f5es.<\/p>\n","protected":false},"excerpt":{"rendered":"<p>Cal\u00e7a de modelagem skinny e confeccionada Poliuretano, material com a apar\u00eancia de couro. Possui bolso frontal falso e barra com fenda com detalhes em aplica\u00e7\u00f5es de metais com mix de banhos ( prata, dourado e bronze ). Modelo cl\u00e1ssico e atemporal que pode agregar no seu closet e montar looks incr\u00edveis para diversas ocasi\u00f5es.<\/p>\n","protected":false},"featured_media":711,"comment_status":"open","ping_status":"closed","template":"","meta":[],"product_cat":[37],"product_tag":[],"_links":{"self":[{"href":"https:\/\/teste.dgestilomoda.com.br\/index.php\/wp-json\/wp\/v2\/product\/693"}],"collection":[{"href":"https:\/\/teste.dgestilomoda.com.br\/index.php\/wp-json\/wp\/v2\/product"}],"about":[{"href":"https:\/\/teste.dgestilomoda.com.br\/index.php\/wp-json\/wp\/v2\/types\/product"}],"replies":[{"embeddable":true,"href":"https:\/\/teste.dgestilomoda.com.br\/index.php\/wp-json\/wp\/v2\/comments?post=693"}],"wp:featuredmedia":[{"embeddable":true,"href":"https:\/\/teste.dgestilomoda.com.br\/index.php\/wp-json\/wp\/v2\/media\/711"}],"wp:attachment":[{"href":"https:\/\/teste.dgestilomoda.com.br\/index.php\/wp-json\/wp\/v2\/media?parent=693"}],"wp:term":[{"taxonomy":"product_cat","embeddable":true,"href":"https:\/\/teste.dgestilomoda.com.br\/index.php\/wp-json\/wp\/v2\/product_cat?post=693"},{"taxonomy":"product_tag","embeddable":true,"href":"https:\/\/teste.dgestilomoda.com.br\/index.php\/wp-json\/wp\/v2\/product_tag?post=693"}],"curies":[{"name":"wp","href":"https:\/\/api.w.org\/{rel}","templated":true}]}}